{"id":2111,"date":"2023-10-02T00:18:54","date_gmt":"2023-10-02T00:18:54","guid":{"rendered":"https:\/\/bvth.net\/?page_id=2111"},"modified":"2023-10-07T06:47:03","modified_gmt":"2023-10-07T06:47:03","slug":"lien-he","status":"publish","type":"page","link":"https:\/\/bvth.net\/index.php\/lien-he\/","title":{"rendered":"Li\u00ean h\u1ec7"},"content":{"rendered":"\t\t<div data-elementor-type=\"wp-page\" data-elementor-id=\"2111\" class=\"elementor elementor-2111\" data-elementor-post-type=\"page\">\n\t\t\t\t\t\t<div class=\"elementor-inner\">\n\t\t\t\t<div class=\"elementor-section-wrap\">\n\t\t\t\t\t\t\t<footer class=\"elementor-element elementor-element-3e436ba4 e-con-full e-flex e-con e-parent\" data-id=\"3e436ba4\" data-element_type=\"container\" data-settings=\"{&quot;content_width&quot;:&quot;full&quot;,&quot;container_type&quot;:&quot;flex&quot;}\" data-core-v316-plus=\"true\">\n\t\t<div class=\"elementor-element elementor-element-14def85 e-con-full e-flex e-con e-child\" data-id=\"14def85\" data-element_type=\"container\" data-settings=\"{&quot;content_width&quot;:&quot;full&quot;,&quot;container_type&quot;:&quot;flex&quot;}\">\n\t\t\t\t<div class=\"elementor-element elementor-element-5545ccb elementor-widget elementor-widget-heading\" data-id=\"5545ccb\" data-element_type=\"widget\" data-widget_type=\"heading.default\">\n\t\t\t\t<div class=\"elementor-widget-container\">\n\t\t\t<h4 class=\"elementor-heading-title elementor-size-default\">\u0110\u1ecaA CH\u1ec8<\/h4>\t\t<\/div>\n\t\t\t\t<\/div>\n\t\t\t\t<div class=\"elementor-element elementor-element-0f69b95 elementor-widget elementor-widget-google_maps\" data-id=\"0f69b95\" data-element_type=\"widget\" data-widget_type=\"google_maps.default\">\n\t\t\t\t<div class=\"elementor-widget-container\">\n\t\t\t\t\t<div class=\"elementor-custom-embed\">\n\t\t\t<iframe loading=\"lazy\"\n\t\t\t\t\tsrc=\"https:\/\/maps.google.com\/maps?q=B%E1%BB%87nh%20vi%E1%BB%87n%20%C4%91a%20khoa%20Th%C4%83ng%20Hoa&#038;t=m&#038;z=10&#038;output=embed&#038;iwloc=near\"\n\t\t\t\t\ttitle=\"B\u1ec7nh vi\u1ec7n \u0111a khoa Th\u0103ng Hoa\"\n\t\t\t\t\taria-label=\"B\u1ec7nh vi\u1ec7n \u0111a khoa Th\u0103ng Hoa\"\n\t\t\t><\/iframe>\n\t\t<\/div>\n\t\t\t\t<\/div>\n\t\t\t\t<\/div>\n\t\t\t\t<div class=\"elementor-element elementor-element-2e285bda elementor-widget elementor-widget-text-editor\" data-id=\"2e285bda\" data-element_type=\"widget\" data-widget_type=\"text-editor.default\">\n\t\t\t\t<div class=\"elementor-widget-container\">\n\t\t\t\t\t\t\t\t<div class=\"elementor-text-editor elementor-clearfix\">\n\t\t\t\t<p>B\u00ecnh Nguy\u00ean &#8211;<span style=\"letter-spacing: -0.45px; text-align: var(--text-align);\">Th\u0103ng B\u00ecnh &#8211;&nbsp;<\/span><\/p><p><span style=\"letter-spacing: -0.45px; text-align: var(--text-align);\">Qu\u1ea3ng Nam<\/span><\/p>\t\t\t\t\t<\/div>\n\t\t\t\t\t\t<\/div>\n\t\t\t\t<\/div>\n\t\t\t\t<\/div>\n\t\t<div class=\"elementor-element elementor-element-5671433 e-con-full e-flex e-con e-child\" data-id=\"5671433\" data-element_type=\"container\" data-settings=\"{&quot;content_width&quot;:&quot;full&quot;,&quot;container_type&quot;:&quot;flex&quot;}\">\n\t\t\t\t<div class=\"elementor-element elementor-element-2361091 elementor-widget elementor-widget-heading\" data-id=\"2361091\" data-element_type=\"widget\" data-widget_type=\"heading.default\">\n\t\t\t\t<div class=\"elementor-widget-container\">\n\t\t\t<h4 class=\"elementor-heading-title elementor-size-default\">Facebook<\/h4>\t\t<\/div>\n\t\t\t\t<\/div>\n\t\t\t\t<div class=\"elementor-element elementor-element-329c848 elementor-widget elementor-widget-image\" data-id=\"329c848\" data-element_type=\"widget\" data-widget_type=\"image.default\">\n\t\t\t\t<div class=\"elementor-widget-container\">\n\t\t\t\t\t\t\t\t<div class=\"elementor-image\">\n\t\t\t\t\t\t\t\t\t\t\t\t<img loading=\"lazy\" decoding=\"async\" width=\"640\" height=\"640\" src=\"https:\/\/bvth.net\/wp-content\/uploads\/2023\/10\/FB-Thang-hoa-Fanpage-1-1024x1024.png\" class=\"attachment-large size-large wp-image-2283\" alt=\"\" srcset=\"https:\/\/bvth.net\/wp-content\/uploads\/2023\/10\/FB-Thang-hoa-Fanpage-1-1024x1024.png 1024w, https:\/\/bvth.net\/wp-content\/uploads\/2023\/10\/FB-Thang-hoa-Fanpage-1-300x300.png 300w, https:\/\/bvth.net\/wp-content\/uploads\/2023\/10\/FB-Thang-hoa-Fanpage-1-150x150.png 150w, https:\/\/bvth.net\/wp-content\/uploads\/2023\/10\/FB-Thang-hoa-Fanpage-1-768x768.png 768w, https:\/\/bvth.net\/wp-content\/uploads\/2023\/10\/FB-Thang-hoa-Fanpage-1-200x200.png 200w, https:\/\/bvth.net\/wp-content\/uploads\/2023\/10\/FB-Thang-hoa-Fanpage-1-590x590.png 590w, https:\/\/bvth.net\/wp-content\/uploads\/2023\/10\/FB-Thang-hoa-Fanpage-1-600x600.png 600w, https:\/\/bvth.net\/wp-content\/uploads\/2023\/10\/FB-Thang-hoa-Fanpage-1-100x100.png 100w, https:\/\/bvth.net\/wp-content\/uploads\/2023\/10\/FB-Thang-hoa-Fanpage-1.png 1125w\" sizes=\"auto, (max-width: 640px) 100vw, 640px\" \/>\t\t\t\t\t\t\t\t\t\t\t\t\t\t<\/div>\n\t\t\t\t\t\t<\/div>\n\t\t\t\t<\/div>\n\t\t\t\t<div class=\"elementor-element elementor-element-e467181 elementor-widget elementor-widget-text-editor\" data-id=\"e467181\" data-element_type=\"widget\" data-widget_type=\"text-editor.default\">\n\t\t\t\t<div class=\"elementor-widget-container\">\n\t\t\t\t\t\t\t\t<div class=\"elementor-text-editor elementor-clearfix\">\n\t\t\t\t<p>fb.com\/<\/p><p>benhviendakhoathanghoaquangnam<\/p>\t\t\t\t\t<\/div>\n\t\t\t\t\t\t<\/div>\n\t\t\t\t<\/div>\n\t\t\t\t<\/div>\n\t\t<div class=\"elementor-element elementor-element-e49ee4a e-con-full e-flex e-con e-child\" data-id=\"e49ee4a\" data-element_type=\"container\" data-settings=\"{&quot;content_width&quot;:&quot;full&quot;,&quot;container_type&quot;:&quot;flex&quot;}\">\n\t\t\t\t<div class=\"elementor-element elementor-element-348c09e elementor-widget elementor-widget-heading\" data-id=\"348c09e\" data-element_type=\"widget\" data-widget_type=\"heading.default\">\n\t\t\t\t<div class=\"elementor-widget-container\">\n\t\t\t<h4 class=\"elementor-heading-title elementor-size-default\">zalo<\/h4>\t\t<\/div>\n\t\t\t\t<\/div>\n\t\t\t\t<div class=\"elementor-element elementor-element-151d1f8 elementor-widget elementor-widget-image\" data-id=\"151d1f8\" data-element_type=\"widget\" data-widget_type=\"image.default\">\n\t\t\t\t<div class=\"elementor-widget-container\">\n\t\t\t\t\t\t\t\t<div class=\"elementor-image\">\n\t\t\t\t\t\t\t\t\t\t\t\t<img loading=\"lazy\" decoding=\"async\" width=\"640\" height=\"640\" src=\"https:\/\/bvth.net\/wp-content\/uploads\/2023\/10\/Zalo-Thang-hoa-2-1024x1024.png\" class=\"attachment-large size-large wp-image-2279\" alt=\"\" srcset=\"https:\/\/bvth.net\/wp-content\/uploads\/2023\/10\/Zalo-Thang-hoa-2-1024x1024.png 1024w, https:\/\/bvth.net\/wp-content\/uploads\/2023\/10\/Zalo-Thang-hoa-2-300x300.png 300w, https:\/\/bvth.net\/wp-content\/uploads\/2023\/10\/Zalo-Thang-hoa-2-150x150.png 150w, https:\/\/bvth.net\/wp-content\/uploads\/2023\/10\/Zalo-Thang-hoa-2-768x768.png 768w, https:\/\/bvth.net\/wp-content\/uploads\/2023\/10\/Zalo-Thang-hoa-2-200x200.png 200w, https:\/\/bvth.net\/wp-content\/uploads\/2023\/10\/Zalo-Thang-hoa-2-590x590.png 590w, https:\/\/bvth.net\/wp-content\/uploads\/2023\/10\/Zalo-Thang-hoa-2-600x600.png 600w, https:\/\/bvth.net\/wp-content\/uploads\/2023\/10\/Zalo-Thang-hoa-2-100x100.png 100w, https:\/\/bvth.net\/wp-content\/uploads\/2023\/10\/Zalo-Thang-hoa-2.png 1155w\" sizes=\"auto, (max-width: 640px) 100vw, 640px\" \/>\t\t\t\t\t\t\t\t\t\t\t\t\t\t<\/div>\n\t\t\t\t\t\t<\/div>\n\t\t\t\t<\/div>\n\t\t\t\t<div class=\"elementor-element elementor-element-eabd843 elementor-widget elementor-widget-text-editor\" data-id=\"eabd843\" data-element_type=\"widget\" data-widget_type=\"text-editor.default\">\n\t\t\t\t<div class=\"elementor-widget-container\">\n\t\t\t\t\t\t\t\t<div class=\"elementor-text-editor elementor-clearfix\">\n\t\t\t\t<p>zalo.me\/<\/p><p>bvthanghoa<\/p>\n<p><\/p>\t\t\t\t\t<\/div>\n\t\t\t\t\t\t<\/div>\n\t\t\t\t<\/div>\n\t\t\t\t<\/div>\n\t\t<div class=\"elementor-element elementor-element-fb5c34c e-con-full e-flex e-con e-child\" data-id=\"fb5c34c\" data-element_type=\"container\" data-settings=\"{&quot;content_width&quot;:&quot;full&quot;,&quot;container_type&quot;:&quot;flex&quot;}\">\n\t\t\t\t<div class=\"elementor-element elementor-element-41d59f1 elementor-widget elementor-widget-heading\" data-id=\"41d59f1\" data-element_type=\"widget\" data-widget_type=\"heading.default\">\n\t\t\t\t<div class=\"elementor-widget-container\">\n\t\t\t<h4 class=\"elementor-heading-title elementor-size-default\">\u0111i\u1ec7n tho\u1ea1i<\/h4>\t\t<\/div>\n\t\t\t\t<\/div>\n\t\t\t\t<div class=\"elementor-element elementor-element-6bc92d3 elementor-widget elementor-widget-image\" data-id=\"6bc92d3\" data-element_type=\"widget\" data-widget_type=\"image.default\">\n\t\t\t\t<div class=\"elementor-widget-container\">\n\t\t\t\t\t\t\t\t<div class=\"elementor-image\">\n\t\t\t\t\t\t\t\t\t\t\t\t\t<a href=\"tel:02353678119\">\n\t\t\t\t\t\t\t<img loading=\"lazy\" decoding=\"async\" width=\"563\" height=\"590\" src=\"https:\/\/bvth.net\/wp-content\/uploads\/2023\/10\/phone-563x590.jpg\" class=\"attachment-eightmedi-main-slider size-eightmedi-main-slider wp-image-2304\" alt=\"\" srcset=\"https:\/\/bvth.net\/wp-content\/uploads\/2023\/10\/phone-563x590.jpg 563w, https:\/\/bvth.net\/wp-content\/uploads\/2023\/10\/phone-200x209.jpg 200w, https:\/\/bvth.net\/wp-content\/uploads\/2023\/10\/phone-600x628.jpg 600w, https:\/\/bvth.net\/wp-content\/uploads\/2023\/10\/phone.jpg 720w\" sizes=\"auto, (max-width: 563px) 100vw, 563px\" \/>\t\t\t\t\t\t\t\t<\/a>\n\t\t\t\t\t\t\t\t\t\t\t\t\t\t<\/div>\n\t\t\t\t\t\t<\/div>\n\t\t\t\t<\/div>\n\t\t\t\t<div class=\"elementor-element elementor-element-c0de10f elementor-widget elementor-widget-text-editor\" data-id=\"c0de10f\" data-element_type=\"widget\" data-widget_type=\"text-editor.default\">\n\t\t\t\t<div class=\"elementor-widget-container\">\n\t\t\t\t\t\t\t\t<div class=\"elementor-text-editor elementor-clearfix\">\n\t\t\t\t<p style=\"text-align: center;\">0235 3 678 119<\/p>\t\t\t\t\t<\/div>\n\t\t\t\t\t\t<\/div>\n\t\t\t\t<\/div>\n\t\t\t\t<\/div>\n\t\t<div class=\"elementor-element elementor-element-b19b3be e-con-full e-flex e-con e-child\" data-id=\"b19b3be\" data-element_type=\"container\" data-settings=\"{&quot;content_width&quot;:&quot;full&quot;,&quot;container_type&quot;:&quot;flex&quot;}\">\n\t\t\t\t<div class=\"elementor-element elementor-element-1c65922 elementor-widget elementor-widget-heading\" data-id=\"1c65922\" data-element_type=\"widget\" data-widget_type=\"heading.default\">\n\t\t\t\t<div class=\"elementor-widget-container\">\n\t\t\t<h4 class=\"elementor-heading-title elementor-size-default\">email<\/h4>\t\t<\/div>\n\t\t\t\t<\/div>\n\t\t\t\t<div class=\"elementor-element elementor-element-f12370b elementor-widget elementor-widget-image\" data-id=\"f12370b\" data-element_type=\"widget\" data-widget_type=\"image.default\">\n\t\t\t\t<div class=\"elementor-widget-container\">\n\t\t\t\t\t\t\t\t<div class=\"elementor-image\">\n\t\t\t\t\t\t\t\t\t\t\t\t\t<a href=\"mailto:info@bvth.net\">\n\t\t\t\t\t\t\t<img loading=\"lazy\" decoding=\"async\" width=\"512\" height=\"512\" src=\"https:\/\/bvth.net\/wp-content\/uploads\/2023\/10\/email.png\" class=\"attachment-eightmedi-main-slider size-eightmedi-main-slider wp-image-2308\" alt=\"\" srcset=\"https:\/\/bvth.net\/wp-content\/uploads\/2023\/10\/email.png 512w, https:\/\/bvth.net\/wp-content\/uploads\/2023\/10\/email-300x300.png 300w, https:\/\/bvth.net\/wp-content\/uploads\/2023\/10\/email-150x150.png 150w, https:\/\/bvth.net\/wp-content\/uploads\/2023\/10\/email-200x200.png 200w, https:\/\/bvth.net\/wp-content\/uploads\/2023\/10\/email-100x100.png 100w\" sizes=\"auto, (max-width: 512px) 100vw, 512px\" \/>\t\t\t\t\t\t\t\t<\/a>\n\t\t\t\t\t\t\t\t\t\t\t\t\t\t<\/div>\n\t\t\t\t\t\t<\/div>\n\t\t\t\t<\/div>\n\t\t\t\t<div class=\"elementor-element elementor-element-7617d33 elementor-widget elementor-widget-text-editor\" data-id=\"7617d33\" data-element_type=\"widget\" data-widget_type=\"text-editor.default\">\n\t\t\t\t<div class=\"elementor-widget-container\">\n\t\t\t\t\t\t\t\t<div class=\"elementor-text-editor elementor-clearfix\">\n\t\t\t\t<p style=\"text-align: center;\">info@bvth.net<\/p>\t\t\t\t\t<\/div>\n\t\t\t\t\t\t<\/div>\n\t\t\t\t<\/div>\n\t\t\t\t<\/div>\n\t\t\t\t<\/footer>\n\t\t\t\t\t\t\t\t\t<\/div>\n\t\t\t<\/div>\n\t\t\t\t\t<\/div>\n\t\t","protected":false},"excerpt":{"rendered":"<p>\u0110\u1ecaA CH\u1ec8 B\u00ecnh Nguy\u00ean -Th\u0103ng B\u00ecnh &#8211;&nbsp; Qu\u1ea3ng Nam Facebook fb.com\/ benhviendakhoathanghoaquangnam zalo zalo.me\/ bvthanghoa \u0111i\u1ec7n tho\u1ea1i 0235 3 678 119 email info@bvth.net<\/p>\n","protected":false},"author":1,"featured_media":0,"parent":0,"menu_order":0,"comment_status":"closed","ping_status":"closed","template":"","meta":{"footnotes":""},"class_list":["post-2111","page","type-page","status-publish","hentry"],"_links":{"self":[{"href":"https:\/\/bvth.net\/index.php\/wp-json\/wp\/v2\/pages\/2111","targetHints":{"allow":["GET"]}}],"collection":[{"href":"https:\/\/bvth.net\/index.php\/wp-json\/wp\/v2\/pages"}],"about":[{"href":"https:\/\/bvth.net\/index.php\/wp-json\/wp\/v2\/types\/page"}],"author":[{"embeddable":true,"href":"https:\/\/bvth.net\/index.php\/wp-json\/wp\/v2\/users\/1"}],"replies":[{"embeddable":true,"href":"https:\/\/bvth.net\/index.php\/wp-json\/wp\/v2\/comments?post=2111"}],"version-history":[{"count":113,"href":"https:\/\/bvth.net\/index.php\/wp-json\/wp\/v2\/pages\/2111\/revisions"}],"predecessor-version":[{"id":2314,"href":"https:\/\/bvth.net\/index.php\/wp-json\/wp\/v2\/pages\/2111\/revisions\/2314"}],"wp:attachment":[{"href":"https:\/\/bvth.net\/index.php\/wp-json\/wp\/v2\/media?parent=2111"}],"curies":[{"name":"wp","href":"https:\/\/api.w.org\/{rel}","templated":true}]}}